{"id":84,"date":"2021-05-01T11:14:03","date_gmt":"2021-05-01T09:14:03","guid":{"rendered":"http:\/\/theseusgame.fr\/?page_id=84"},"modified":"2021-05-01T11:14:03","modified_gmt":"2021-05-01T09:14:03","slug":"plateau-1","status":"publish","type":"page","link":"http:\/\/theseusgame.fr\/index.php\/plateau-1\/","title":{"rendered":"Plateau 1"},"content":{"rendered":"\n<p><\/p>\n\n\n<div class=\"wp-block-columns is-layout-flex wp-container-core-columns-is-layout-9d6595d7 wp-block-columns-is-layout-flex\">\n<div class=\"wp-block-column is-layout-flow wp-block-column-is-layout-flow\" style=\"flex-basis:66.66%\">\n<figure class=\"wp-block-image size-large\"><a href=\"http:\/\/theseusgame.fr\/algorithmes-et-intelligence-artificielle-un-peu-dhistoire\/\"><img decoding=\"async\" src=\"http:\/\/51.68.225.226\/theseus\/wp-content\/uploads\/2021\/05\/IA-un-peu-dhistoirePlan-de-travail-1@300x-1-1024x342.png\" alt=\"\" class=\"wp-image-87\"\/><\/a><figcaption>Algorithmes et Intelligence Artificielle, un peu d\u2019Histoire<\/figcaption><\/figure>\n\n\n<figure class=\"wp-block-image size-large\"><a href=\"http:\/\/theseusgame.fr\/acceleration-designer-dun-monde-anti-friction\/\"><img decoding=\"async\" src=\"http:\/\/51.68.225.226\/theseus\/wp-content\/uploads\/2021\/05\/Acce\u0301le\u0301ration-Designer-dun-monde-anti-friction-0APlan-de-travail-1@300x-1024x342.png\" alt=\"\" class=\"wp-image-138\"\/><\/a><figcaption>Acc\u00e9l\u00e9ration, Designer d\u2019un monde anti-friction<\/figcaption><\/figure>\n\n\n<figure class=\"wp-block-image size-large\"><a href=\"http:\/\/theseusgame.fr\/profilage-technococon-societe-de-controle\/\"><img decoding=\"async\" src=\"http:\/\/51.68.225.226\/theseus\/wp-content\/uploads\/2021\/05\/Profilage-Technococon-socie\u0301te\u0301-de-contro\u0302le-0APlan-de-travail-1@300x-1024x342.png\" alt=\"\" class=\"wp-image-142\"\/><\/a><figcaption>Profilage, Technococon, soci\u00e9t\u00e9 de contr\u00f4le<\/figcaption><\/figure>\n\n\n<figure class=\"wp-block-image size-large\"><a href=\"http:\/\/theseusgame.fr\/la-data-strategie-un-jeu-de-propagande\/\"><img decoding=\"async\" src=\"http:\/\/51.68.225.226\/theseus\/wp-content\/uploads\/2021\/05\/La-Data-strate\u0301gie-un-jeu-de-propagandPlan-de-travail-1@300x-1024x342.png\" alt=\"\" class=\"wp-image-144\"\/><\/a><figcaption>La Data-strat\u00e9gie, un jeu de propagande<\/figcaption><\/figure>\n<\/div>\n\n\n<div class=\"wp-block-column is-layout-flow wp-block-column-is-layout-flow\" style=\"flex-basis:33.33%\"><\/div>\n<\/div>\n\n\n<p><meta charset=\"utf-8\"><a href=\"http:\/\/theseusgame.fr\/les-plateaux\/\" data-type=\"page\" data-id=\"101\">Retour aux plateaux <\/a><\/p>\n","protected":false},"excerpt":{"rendered":"<p>Retour aux plateaux<\/p>\n","protected":false},"author":1,"featured_media":0,"parent":0,"menu_order":0,"comment_status":"closed","ping_status":"closed","template":"","meta":{"footnotes":""},"class_list":["post-84","page","type-page","status-publish","hentry"],"_links":{"self":[{"href":"http:\/\/theseusgame.fr\/index.php\/wp-json\/wp\/v2\/pages\/84","targetHints":{"allow":["GET"]}}],"collection":[{"href":"http:\/\/theseusgame.fr\/index.php\/wp-json\/wp\/v2\/pages"}],"about":[{"href":"http:\/\/theseusgame.fr\/index.php\/wp-json\/wp\/v2\/types\/page"}],"author":[{"embeddable":true,"href":"http:\/\/theseusgame.fr\/index.php\/wp-json\/wp\/v2\/users\/1"}],"replies":[{"embeddable":true,"href":"http:\/\/theseusgame.fr\/index.php\/wp-json\/wp\/v2\/comments?post=84"}],"version-history":[{"count":0,"href":"http:\/\/theseusgame.fr\/index.php\/wp-json\/wp\/v2\/pages\/84\/revisions"}],"wp:attachment":[{"href":"http:\/\/theseusgame.fr\/index.php\/wp-json\/wp\/v2\/media?parent=84"}],"curies":[{"name":"wp","href":"https:\/\/api.w.org\/{rel}","templated":true}]}}