{"id":132,"date":"2021-05-01T13:47:58","date_gmt":"2021-05-01T11:47:58","guid":{"rendered":"http:\/\/theseusgame.fr\/?page_id=132"},"modified":"2021-05-01T13:47:58","modified_gmt":"2021-05-01T11:47:58","slug":"les-pieces","status":"publish","type":"page","link":"http:\/\/theseusgame.fr\/index.php\/les-pieces\/","title":{"rendered":"Les pi\u00e8ces"},"content":{"rendered":"\n<p>La forme des pi\u00e8ces a parfois laiss\u00e9 les joueurs septiques. Sont-elles dues au hasard ? Au seul sens esth\u00e9tique de la cr\u00e9atrice ? Peut-on trouver un message cach\u00e9 ?&nbsp;<\/p>\n\n\n<p>Tout porte \u00e0 croire que ces pi\u00e8ces n\u2019ont pas une forme totalement anodine, et que leurs formes sont en fait des clins d&rsquo;\u0153il \u00e0 des concepts ou des \u0153uvres. C\u2019est la pi\u00e8ce <strong>Dystopie<\/strong> qui nous a mis sur la piste. Tous les joueurs ont certainement remarqu\u00e9 que celle-ci ressemble fortement \u00e0 un \u0153il, et on ne peut s&#8217;emp\u00eacher de faire le lien avec le c\u00e9l\u00e8bre Big Brother, un personnage fictif issu du roman dystopique 1984 de George Orwell. <\/p>\n\n\n<p>Si l\u2019on regarde la pi\u00e8ce <strong>Design<\/strong>, sa forme est en fait une version miniaturis\u00e9e d\u2019un vase embl\u00e9matique d\u2019Alvar Aalto, aussi connu sous le nom vase Savoy, une ic\u00f4ne du design finlandais. Lorsque l\u2019on regarde la pi\u00e8ce <strong>Acc\u00e9l\u00e9ration<\/strong>, quelque chose aussi semble nous dire que cette forme n\u2019est pas totalement due au hasard. Un joueur passionn\u00e9 de math\u00e9matiques nous a alors rapport\u00e9 que la forme de cette pi\u00e8ce correspond en fait exactement \u00e0 la courbe (la repr\u00e9sentation graphique) de la fonction exponentielle ! Une graphiste nous a \u00e9galement \u00e9crit pour nous signaler que la forme de la pi\u00e8ce <strong>Propagande<\/strong> fait r\u00e9f\u00e9rence aux affiches de propagande sovi\u00e9tique, et particuli\u00e8rement \u00e0 une image d\u2019Alexandre Rodchenko.<\/p>\n\n\n<p>Toutes les r\u00e9f\u00e9rences n\u2019ont pas encore \u00e9t\u00e9 trouv\u00e9es par les joueurs, mais il y a fort \u00e0 parier que chaque pi\u00e8ce a un secret \u00e0 nous r\u00e9v\u00e9ler !&nbsp;<\/p>\n\n\n<div style=\"height:60px\" aria-hidden=\"true\" class=\"wp-block-spacer\"><\/div>\n\n\n<div class=\"wp-block-columns is-layout-flex wp-container-core-columns-is-layout-9d6595d7 wp-block-columns-is-layout-flex\">\n<div class=\"wp-block-column is-layout-flow wp-block-column-is-layout-flow\">\n<figure class=\"wp-block-image size-large\"><img loading=\"lazy\" decoding=\"async\" width=\"705\" height=\"705\" src=\"http:\/\/51.68.225.226\/theseus\/wp-content\/uploads\/2021\/05\/dystopiePlan-de-travail-1@300x-edited.png\" alt=\"\" class=\"wp-image-356\"\/><\/figure>\n\n\n<figure class=\"wp-block-image size-large\"><img loading=\"lazy\" decoding=\"async\" width=\"600\" height=\"792\" src=\"http:\/\/51.68.225.226\/theseus\/wp-content\/uploads\/2021\/05\/1984.jpeg\" alt=\"\" class=\"wp-image-345\"\/><figcaption>Dans cette <a href=\"https:\/\/www.grasset.fr\/livres\/1984-9782246825760\" data-type=\"URL\" data-id=\"https:\/\/www.grasset.fr\/livres\/1984-9782246825760\">version r\u00e9cente et  illustr\u00e9e<\/a> du roman 1984 de George Orwell, par Fido Nesti ( \u00c9ditions Grasset, 2020), on peut clairement voir le fameux <meta charset=\"utf-8\">\u0153il qui repr\u00e9sente Big Brother.<\/figcaption><\/figure>\n\n\n<div style=\"height:60px\" aria-hidden=\"true\" class=\"wp-block-spacer\"><\/div>\n\n\n<figure class=\"wp-block-image size-large\"><img loading=\"lazy\" decoding=\"async\" width=\"709\" height=\"709\" src=\"http:\/\/51.68.225.226\/theseus\/wp-content\/uploads\/2021\/05\/propagandePlan-de-travail-1@300x.png\" alt=\"\" class=\"wp-image-357\"\/><\/figure>\n\n\n<figure class=\"wp-block-image size-large\"><img loading=\"lazy\" decoding=\"async\" width=\"470\" height=\"350\" src=\"http:\/\/51.68.225.226\/theseus\/wp-content\/uploads\/2021\/05\/rodchenko.jpeg\" alt=\"\" class=\"wp-image-347\"\/><figcaption>Cette affiche de propagande <meta charset=\"utf-8\">d\u2019Alexandre Rodchenko de 1925 incitait les sovi\u00e9tiques \u00e0 acheter des livres<\/figcaption><\/figure>\n<\/div>\n\n\n<div class=\"wp-block-column is-layout-flow wp-block-column-is-layout-flow\">\n<figure class=\"wp-block-image size-large\"><img loading=\"lazy\" decoding=\"async\" width=\"709\" height=\"709\" src=\"http:\/\/51.68.225.226\/theseus\/wp-content\/uploads\/2021\/05\/DesignPlan-de-travail-1@300x.png\" alt=\"\" class=\"wp-image-355\"\/><\/figure>\n\n\n<figure class=\"wp-block-image size-large\"><img decoding=\"async\" src=\"http:\/\/51.68.225.226\/theseus\/wp-content\/uploads\/2021\/05\/vase-aalto-95mm-transparent-1200-1024x1024.jpeg\" alt=\"\" class=\"wp-image-346\"\/><figcaption>Dessin\u00e9 en 1936, par Alvar Aalto le vase Savoy fait partie des pi\u00e8ces intemporelles qui ont marqu\u00e9 l\u2019Histoire du Design. On raconte que les lignes sinueuses du vase pr\u00e9sentent les formes vues du ciel de lacs finlandais.&nbsp;<br \/><\/figcaption><\/figure>\n\n\n<div style=\"height:142px\" aria-hidden=\"true\" class=\"wp-block-spacer\"><\/div>\n\n\n<figure class=\"wp-block-image size-large\"><img loading=\"lazy\" decoding=\"async\" width=\"709\" height=\"709\" src=\"http:\/\/51.68.225.226\/theseus\/wp-content\/uploads\/2021\/05\/accelerationPlan-de-travail-1@300x.png\" alt=\"\" class=\"wp-image-358\"\/><\/figure>\n\n\n<figure class=\"wp-block-image size-large\"><img decoding=\"async\" src=\"http:\/\/51.68.225.226\/theseus\/wp-content\/uploads\/2021\/05\/exponentielle-927x1024.png\" alt=\"\" class=\"wp-image-348\"\/><figcaption>On parle souvent \u00ab\u00a0d&rsquo;acc\u00e9l\u00e9ration exponentielle\u00a0\u00bb, pour qualifier une croissance rapide et continue. L&rsquo;expression vient du domaine des math\u00e9matiques et de la repr\u00e9sentation graphique de la fonction.<\/figcaption><\/figure>\n<\/div>\n<\/div>\n\n\n<p><a href=\"http:\/\/theseusgame.fr\/easter-eggs\/\" data-type=\"URL\" data-id=\"http:\/\/theseusgame.fr\/easter-eggs\/\">Retour \u00e0 Easter Eggs<\/a><\/p>\n","protected":false},"excerpt":{"rendered":"<p>La forme des pi\u00e8ces a parfois laiss\u00e9 les joueurs septiques. Sont-elles dues au hasard ? Au seul sens esth\u00e9tique de la cr\u00e9atrice ? Peut-on trouver un message cach\u00e9 ?&nbsp; Tout porte \u00e0 croire que ces pi\u00e8ces n\u2019ont pas une forme totalement anodine, et que leurs formes sont en fait des clins d&rsquo;\u0153il \u00e0 des concepts &hellip; <a href=\"http:\/\/theseusgame.fr\/index.php\/les-pieces\/\" class=\"more-link\">Continuer la lecture<span class=\"screen-reader-text\"> de &laquo;&nbsp;Les pi\u00e8ces&nbsp;&raquo;<\/span><\/a><\/p>\n","protected":false},"author":1,"featured_media":0,"parent":0,"menu_order":0,"comment_status":"closed","ping_status":"closed","template":"","meta":{"footnotes":""},"class_list":["post-132","page","type-page","status-publish","hentry"],"_links":{"self":[{"href":"http:\/\/theseusgame.fr\/index.php\/wp-json\/wp\/v2\/pages\/132","targetHints":{"allow":["GET"]}}],"collection":[{"href":"http:\/\/theseusgame.fr\/index.php\/wp-json\/wp\/v2\/pages"}],"about":[{"href":"http:\/\/theseusgame.fr\/index.php\/wp-json\/wp\/v2\/types\/page"}],"author":[{"embeddable":true,"href":"http:\/\/theseusgame.fr\/index.php\/wp-json\/wp\/v2\/users\/1"}],"replies":[{"embeddable":true,"href":"http:\/\/theseusgame.fr\/index.php\/wp-json\/wp\/v2\/comments?post=132"}],"version-history":[{"count":0,"href":"http:\/\/theseusgame.fr\/index.php\/wp-json\/wp\/v2\/pages\/132\/revisions"}],"wp:attachment":[{"href":"http:\/\/theseusgame.fr\/index.php\/wp-json\/wp\/v2\/media?parent=132"}],"curies":[{"name":"wp","href":"https:\/\/api.w.org\/{rel}","templated":true}]}}