{"id":123,"date":"2021-05-01T13:44:44","date_gmt":"2021-05-01T11:44:44","guid":{"rendered":"http:\/\/theseusgame.fr\/?page_id=123"},"modified":"2026-05-05T11:42:39","modified_gmt":"2026-05-05T11:42:39","slug":"easter-eggs","status":"publish","type":"page","link":"http:\/\/theseusgame.fr\/index.php\/easter-eggs\/","title":{"rendered":"Easter Eggs"},"content":{"rendered":"\n<p><a href=\"http:\/\/theseusgame.fr\/index.php\/easter-eggs\/\" target=\"_blank\" rel=\"noreferrer noopener\"><\/a><\/p>\n\n\n\n<p>Au cin\u00e9ma, un \u00ab Easter Egg \u00bb ( en fran\u00e7ais \u00ab \u0153uf de P\u00e2ques \u00bb ) est un terme employ\u00e9 pour d\u00e9signer une r\u00e9f\u00e9rence cach\u00e9e, un clin d\u2019oeil que seuls les fans peuvent percevoir. Ils peuvent prendre toutes les formes, un arri\u00e8re plan, une affiche, un num\u00e9ro, une r\u00e9plique, un figurant etc. Dans les domaines de l\u2019informatique et des jeux vid\u00e9o, un Easter Egg d\u00e9signe une fonction cach\u00e9e par ses cr\u00e9ateurs. Cela peut \u00eatre par exemple une image, un objet, un nouveau niveau ou un message textuel. L\u2019Easter Egg est dissimul\u00e9 au coeur du programme et n\u2019est accessible qu\u2019\u00e0 l\u2019aide d\u2019une combinaison bien particuli\u00e8re de touches, d\u2019un mot-cl\u00e9 (code) ou d\u2019une succession d\u2019actions.<\/p>\n\n\n\n<p>Theseus poss\u00e8de aussi ses Easter Eggs, ils n\u2019ont certainement pas tous \u00e9t\u00e9 trouv\u00e9s \u00e0 ce jour, mais&nbsp; la communaut\u00e9 en a recens\u00e9 trois : un paragraphe cach\u00e9 nomm\u00e9 THESEUS, le d\u00e9blocage du g\u00e9n\u00e9rique (remerciements et bibliographie)&nbsp; ainsi que les clins d\u2019oeil des formes des pi\u00e8ces du jeu.&nbsp;<\/p>\n\n\n\n<div class=\"wp-block-columns is-layout-flex wp-container-core-columns-is-layout-9d6595d7 wp-block-columns-is-layout-flex\">\n<div class=\"wp-block-column is-layout-flow wp-block-column-is-layout-flow\" style=\"flex-basis:66.66%\">\n<figure class=\"wp-block-image size-large\"><a href=\"http:\/\/theseusgame.fr\/index.php\/theseus\/\"><img loading=\"lazy\" decoding=\"async\" width=\"1359\" height=\"969\" src=\"http:\/\/theseusgame.fr\/wp-content\/uploads\/2021\/05\/theseusPlan-de-travail-1@300x.png\" alt=\"\" class=\"wp-image-124\"\/><\/a><\/figure>\n\n\n\n<figure class=\"wp-block-image size-large\"><a href=\"http:\/\/theseusgame.fr\/index.php\/debloquer-le-generique\/\"><img loading=\"lazy\" decoding=\"async\" width=\"1359\" height=\"969\" src=\"http:\/\/theseusgame.fr\/wp-content\/uploads\/2021\/05\/ge\u0301ne\u0301riquePlan-de-travail-1@300x.png\" alt=\"\" class=\"wp-image-125\"\/><\/a><\/figure>\n\n\n\n<figure class=\"wp-block-image size-large\"><a href=\"http:\/\/theseusgame.fr\/index.php\/les-pieces\/\"><img loading=\"lazy\" decoding=\"async\" width=\"1359\" height=\"969\" src=\"http:\/\/theseusgame.fr\/wp-content\/uploads\/2021\/05\/LespiecesPlan-de-travail-1@300x.png\" alt=\"\" class=\"wp-image-126\"\/><\/a><\/figure>\n<\/div>\n\n\n\n<div class=\"wp-block-column is-layout-flow wp-block-column-is-layout-flow\" style=\"flex-basis:33.33%\"><\/div>\n<\/div>\n\n\n\n<p><meta charset=\"utf-8\"><a href=\"http:\/\/theseusgame.fr\/\" data-type=\"page\" data-id=\"6\">Retour \u00e0 l&rsquo;accueil <\/a><\/p>\n","protected":false},"excerpt":{"rendered":"<p>Au cin\u00e9ma, un \u00ab Easter Egg \u00bb ( en fran\u00e7ais \u00ab \u0153uf de P\u00e2ques \u00bb ) est un terme employ\u00e9 pour d\u00e9signer une r\u00e9f\u00e9rence cach\u00e9e, un clin d\u2019oeil que seuls les fans peuvent percevoir. Ils peuvent prendre toutes les formes, un arri\u00e8re plan, une affiche, un num\u00e9ro, une r\u00e9plique, un figurant etc. Dans les domaines &hellip; <a href=\"http:\/\/theseusgame.fr\/index.php\/easter-eggs\/\" class=\"more-link\">Continuer la lecture<span class=\"screen-reader-text\"> de &laquo;&nbsp;Easter Eggs&nbsp;&raquo;<\/span><\/a><\/p>\n","protected":false},"author":1,"featured_media":0,"parent":0,"menu_order":0,"comment_status":"closed","ping_status":"closed","template":"","meta":{"footnotes":""},"class_list":["post-123","page","type-page","status-publish","hentry"],"_links":{"self":[{"href":"http:\/\/theseusgame.fr\/index.php\/wp-json\/wp\/v2\/pages\/123","targetHints":{"allow":["GET"]}}],"collection":[{"href":"http:\/\/theseusgame.fr\/index.php\/wp-json\/wp\/v2\/pages"}],"about":[{"href":"http:\/\/theseusgame.fr\/index.php\/wp-json\/wp\/v2\/types\/page"}],"author":[{"embeddable":true,"href":"http:\/\/theseusgame.fr\/index.php\/wp-json\/wp\/v2\/users\/1"}],"replies":[{"embeddable":true,"href":"http:\/\/theseusgame.fr\/index.php\/wp-json\/wp\/v2\/comments?post=123"}],"version-history":[{"count":3,"href":"http:\/\/theseusgame.fr\/index.php\/wp-json\/wp\/v2\/pages\/123\/revisions"}],"predecessor-version":[{"id":1840,"href":"http:\/\/theseusgame.fr\/index.php\/wp-json\/wp\/v2\/pages\/123\/revisions\/1840"}],"wp:attachment":[{"href":"http:\/\/theseusgame.fr\/index.php\/wp-json\/wp\/v2\/media?parent=123"}],"curies":[{"name":"wp","href":"https:\/\/api.w.org\/{rel}","templated":true}]}}